{"id":7452,"date":"2021-08-30T13:13:09","date_gmt":"2021-08-30T13:13:09","guid":{"rendered":"https:\/\/coconutlaser.com\/politica-de-privacidad-y-cookies\/"},"modified":"2021-12-21T10:13:14","modified_gmt":"2021-12-21T10:13:14","slug":"politica-de-privacidad-y-cookies","status":"publish","type":"page","link":"https:\/\/coconutlaser.com\/en\/politica-de-privacidad-y-cookies\/","title":{"rendered":"Pol\u00edtica de Privacidad y Cookies"},"content":{"rendered":"<section class=\"l-section wpb_row height_custom\"><div class=\"l-section-h i-cf\"><div class=\"g-cols vc_row via_flex valign_top type_default stacking_default\"><div class=\"vc_col-sm-12 wpb_column vc_column_container\"><div class=\"vc_column-inner\"><div class=\"wpb_wrapper\"><div class=\"wpb_text_column\"><div class=\"wpb_wrapper\"><h3>POL\u00cdTICA DE PRIVACIDAD<\/h3>\n<p>1. INFORMACI\u00d3N AL USUARIO<\/p>\n<div><span data-bind=\"text: name\">Coconut Laser<\/span>, como Responsable del Tratamiento, le informa que, seg\u00fan lo dispuesto en el Reglamento (UE) 2016\/679, de 27 de abril, (RGPD) y en la L.O. 3\/2018, de 5 de diciembre, de protecci\u00f3n de datos y garant\u00eda de los derechos digitales (LOPDGDD), trataremos sus datos tal y como reflejamos en la presente Pol\u00edtica de Privacidad.<\/div>\n<p>En esta Pol\u00edtica de Privacidad describimos c\u00f3mo recogemos sus datos personales y por qu\u00e9 los recogemos, qu\u00e9 hacemos con ellos, con qui\u00e9n los compartimos, c\u00f3mo los protegemos y sus opciones en cuanto al tratamiento de sus datos personales.<\/p>\n<p>Esta Pol\u00edtica se aplica al tratamiento de sus datos personales recogidos por la empresa para la prestaci\u00f3n de sus servicios. Si acepta las medidas de esta Pol\u00edtica, acepta que tratemos sus datos personales como se define en esta Pol\u00edtica.<\/p>\n<p>2. CONTACTO<\/p>\n<p>Denominaci\u00f3n social: Sonia Riera<br \/>\nNombre comercial: <span data-bind=\"text: name\">Coconut Laser<\/span><br \/>\nCIF: 43087068H<br \/>\nDomicilio: C\/ Metge Joan Bauza Mestre, 11<br \/>\ne-mail: info@coconutlaser.com<\/p>\n<p>3. PRINCIPIOS CLAVE<\/p>\n<p>Siempre hemos estado comprometidos con prestar nuestros servicios con el m\u00e1s alto grado de calidad, lo que incluye tratar sus datos con seguridad y transparencia. Nuestros principios son:<\/p>\n<p>Legalidad: Solo recopilaremos sus Datos personales para fines espec\u00edficos, expl\u00edcitos y leg\u00edtimos.<br \/>\nMinimizaci\u00f3n de datos: Limitamos la recogida de datos de car\u00e1cter personal a lo que es estrictamente relevante y necesario para los fines para los que se han recopilado.<br \/>\nLimitaci\u00f3n de la Finalidad: Solo recogeremos sus datos personales para los fines declarados y solo seg\u00fan sus deseos.<br \/>\nPrecisi\u00f3n: Mantendremos sus datos personales exactos y actualizados.<br \/>\nSeguridad de los Datos: Aplicamos las medidas t\u00e9cnicas y organizativas adecuadas y proporcionales a los riesgos para garantizar que sus datos no sufran da\u00f1os, tales como divulgaci\u00f3n o acceso no autorizado, la destrucci\u00f3n accidental o il\u00edcita o su p\u00e9rdida accidental o alteraci\u00f3n y cualquier otra forma de tratamiento il\u00edcito.<br \/>\nAcceso y Rectificaci\u00f3n: Disponemos de medios para que acceda o rectifique sus datos cuando lo considere oportuno.<br \/>\nConservaci\u00f3n: Conservamos sus datos personales de manera legal y apropiada y solo mientras es necesario para los fines para los que se han recopilado.<br \/>\nLas transferencias internacionales: cuando se d\u00e9 el caso de que sus datos vayan a ser transferidos fuera de la UE\/EEE se proteger\u00e1n adecuadamente.<br \/>\nTerceros: El acceso y transferencia de datos personales a terceros se llevan a cabo de acuerdo con las leyes y reglamentos aplicables y con las garant\u00edas contractuales adecuadas.<br \/>\nMarketing Directo y cookies: Cumplimos con la legislaci\u00f3n aplicable en materia de publicidad y cookies.<\/p>\n<p>4. RECOGIDA Y TRATAMIENTO DE SUS DATOS PERSONALES<br \/>\nLos tipos de datos que se pueden solicitar y tratar son:<\/p>\n<p>Datos de car\u00e1cter identificativo.<\/p>\n<p>Tambi\u00e9n recogemos de forma autom\u00e1tica datos sobre su visita a nuestro sitio web seg\u00fan se describe en la pol\u00edtica de cookies.<\/p>\n<p>Siempre que solicitemos sus Datos personales, le informaremos con claridad de qu\u00e9 datos personales recogemos y con qu\u00e9 fin. En general, recogemos y tratamos sus datos personales con el prop\u00f3sito de:<\/p>\n<p>Proporcionar informaci\u00f3n, servicios, productos, informaci\u00f3n relevante y novedades en el sector.<br \/>\nEnv\u00edo de comunicaciones.<\/p>\n<p>5. LEGITIMIDAD<\/p>\n<p>De acuerdo con la normativa de protecci\u00f3n de datos aplicable, sus datos personales podr\u00e1n tratarse siempre que:<\/p>\n<p>Nos ha dado su consentimiento a los efectos del tratamiento. Por supuesto podr\u00e1 retirar su consentimiento en cualquier momento.<br \/>\nPor requerimiento legal.<br \/>\nPor existir un inter\u00e9s leg\u00edtimo que no se vea menoscabado por sus derechos de privacidad, como por ejemplo el env\u00edo de informaci\u00f3n comercial bien por suscripci\u00f3n a nuestra newsletter o por su condici\u00f3n de cliente.<br \/>\nPor ser necesaria para la prestaci\u00f3n de alguno de nuestros servicios mediante relaci\u00f3n contractual entre usted y nosotros.<\/p>\n<p>6. COMUNICACI\u00d3N DE DATOS PERSONALES<\/p>\n<p>Los datos pueden ser comunicados a empresas relacionadas con <span data-bind=\"text: name\">Coconut Laser<\/span> para la prestaci\u00f3n de los diversos servicios en calidad de Encargados del Tratamiento. La empresa no realizar\u00e1 ninguna cesi\u00f3n, salvo por obligaci\u00f3n legal.<\/p>\n<p>7. SUS DERECHOS<\/p>\n<p>En relaci\u00f3n con la recogida y tratamiento de sus datos personales, puede ponerse en contacto con nosotros en cualquier momento para:<\/p>\n<p>Acceder a sus datos personales y a cualquier otra informaci\u00f3n indicada en el Art\u00edculo 15.1 del RGPD.<br \/>\nRectificar sus datos personales que sean inexactos o est\u00e9n incompletos de acuerdo con el Art\u00edculo 16 del RGPD.<br \/>\nSuprimir sus datos personales de acuerdo con el Art\u00edculo 17 del RGPD.<br \/>\nLimitar el tratamiento de sus datos personales de acuerdo con el Art\u00edculo 18 del RGPD.<br \/>\nSolicitar la portabilidad de sus datos de acuerdo con el Art\u00edculo 20 del RGPD.<br \/>\nOponerse al tratamiento de sus datos personales de acuerdo con el art\u00edculo 21 del RGPD.<\/p>\n<p>Si ha otorgado su consentimiento para alguna finalidad concreta, tiene derecho a retirar el consentimiento otorgado en cualquier momento, sin que ello afecte a la licitud del tratamiento basado en el consentimiento previo a su retirada.<\/p>\n<p>Puede ejercer estos derechos enviando comunicaci\u00f3n, motivada y acreditada, a info@coconutlaser.com.<\/p>\n<p>Tambi\u00e9n tiene derecho a presentar una reclamaci\u00f3n ante la Autoridad de control competente (www.aepd.es) si considera que el tratamiento no se ajusta a la normativa vigente.<\/p>\n<p>8. INFORMACI\u00d3N LEGAL<br \/>\nLos requisitos de esta Pol\u00edtica complementan, y no reemplazan, cualquier otro requisito existente bajo la ley de protecci\u00f3n de datos aplicable, que ser\u00e1 la que prevalezca en cualquier caso.<\/p>\n<h3>Pol\u00edtica de cookies<\/h3>\n<p>\u00bfQu\u00e9 es una cookie?<\/p>\n<p>Una cookie es un peque\u00f1o fichero de texto que se almacena en su navegador cuando visita casi cualquier p\u00e1gina web. Su utilidad es que la web sea capaz de recordar su visita cuando vuelva a navegar por esa p\u00e1gina. Las cookies suelen almacenar informaci\u00f3n de car\u00e1cter t\u00e9cnico, preferencias personales, personalizaci\u00f3n de contenidos, estad\u00edsticas de uso, enlaces a redes sociales, acceso a cuentas de usuario, etc. El objetivo de la cookie es adaptar el contenido de la web a su perfil y necesidades, sin cookies los servicios ofrecidos por cualquier p\u00e1gina se ver\u00edan mermados notablemente.<br \/>\nCookies utilizadas en este sitio web<\/p>\n<p>Siguiendo las directrices de la Agencia Espa\u00f1ola de Protecci\u00f3n de Datos, procedemos a detallar el uso de cookies que hace esta web con el fin de informarle con la m\u00e1xima exactitud posible.<\/p>\n<p>Este sitio web utiliza las siguientes cookies propias:<\/p>\n<p>Cookies de sesi\u00f3n, para garantizar que los usuarios que escriban comentarios en el blog sean humanos y no aplicaciones automatizadas. De esta forma se combate el spam.<\/p>\n<p>Este sitio web utiliza las siguientes cookies de terceros:<\/p>\n<p>Redes sociales: Cada red social utiliza sus propias cookies para que usted pueda pinchar en botones del tipo Me gusta o Compartir.<\/p>\n<p>Desactivaci\u00f3n o eliminaci\u00f3n de cookies<\/p>\n<p>En cualquier momento podr\u00e1 ejercer su derecho de desactivaci\u00f3n o eliminaci\u00f3n de cookies de este sitio web. Estas acciones se realizan de forma diferente en funci\u00f3n del navegador que est\u00e9 usando.<br \/>\nNotas adicionales<\/p>\n<p>Ni esta web ni sus representantes legales se hacen responsables ni del contenido ni de la veracidad de las pol\u00edticas de privacidad que puedan tener los terceros mencionados en esta pol\u00edtica de cookies.<\/p>\n<p>Los navegadores web son las herramientas encargadas de almacenar las cookies y desde este lugar debe efectuar su derecho a eliminaci\u00f3n o desactivaci\u00f3n de las mismas. Ni esta web ni sus representantes legales pueden garantizar la correcta o incorrecta manipulaci\u00f3n de las cookies por parte de los mencionados navegadores.<\/p>\n<p>En algunos casos es necesario instalar cookies para que el navegador no olvide su decisi\u00f3n de no aceptaci\u00f3n de las mismas.<br \/>\nEn el caso de las cookies de Google Analytics, esta empresa almacena las cookies en servidores ubicados en Estados Unidos y se compromete a no compartirla con terceros, excepto en los casos en los que sea necesario para el funcionamiento del sistema o cuando la ley obligue a tal efecto. Seg\u00fan Google no guarda su direcci\u00f3n IP. Google Inc. es una compa\u00f1\u00eda adherida al Acuerdo de Puerto Seguro que garantiza que todos los datos transferidos ser\u00e1n tratados con un nivel de protecci\u00f3n acorde a la normativa europea. Puede consultar informaci\u00f3n detallada a este respecto en este enlace. Si desea informaci\u00f3n sobre el uso que Google da a las cookies le adjuntamos este otro enlace.<\/p>\n<p>Para cualquier duda o consulta acerca de esta pol\u00edtica de cookies no dude en comunicarse con nosotros a trav\u00e9s de la secci\u00f3n de contacto o a trav\u00e9s de este email: info@coconutlaser.com<\/p>\n<\/div><\/div><\/div><\/div><\/div><\/div><\/div><\/section>\n","protected":false},"excerpt":{"rendered":"POL\u00cdTICA DE PRIVACIDAD 1. INFORMACI\u00d3N AL USUARIO Coconut Laser, como Responsable del Tratamiento, le informa que, seg\u00fan lo dispuesto en el Reglamento (UE) 2016\/679, de 27 de abril, (RGPD) y en la L.O. 3\/2018, de 5 de diciembre, de protecci\u00f3n de datos y garant\u00eda de los derechos digitales (LOPDGDD), trataremos sus datos tal y como...","protected":false},"author":5,"featured_media":0,"parent":0,"menu_order":0,"comment_status":"closed","ping_status":"closed","template":"","meta":[],"_links":{"self":[{"href":"https:\/\/coconutlaser.com\/en\/wp-json\/wp\/v2\/pages\/7452"}],"collection":[{"href":"https:\/\/coconutlaser.com\/en\/wp-json\/wp\/v2\/pages"}],"about":[{"href":"https:\/\/coconutlaser.com\/en\/wp-json\/wp\/v2\/types\/page"}],"author":[{"embeddable":true,"href":"https:\/\/coconutlaser.com\/en\/wp-json\/wp\/v2\/users\/5"}],"replies":[{"embeddable":true,"href":"https:\/\/coconutlaser.com\/en\/wp-json\/wp\/v2\/comments?post=7452"}],"version-history":[{"count":6,"href":"https:\/\/coconutlaser.com\/en\/wp-json\/wp\/v2\/pages\/7452\/revisions"}],"predecessor-version":[{"id":8484,"href":"https:\/\/coconutlaser.com\/en\/wp-json\/wp\/v2\/pages\/7452\/revisions\/8484"}],"wp:attachment":[{"href":"https:\/\/coconutlaser.com\/en\/wp-json\/wp\/v2\/media?parent=7452"}],"curies":[{"name":"wp","href":"https:\/\/api.w.org\/{rel}","templated":true}]}}