{"id":7577,"date":"2021-10-15T07:48:15","date_gmt":"2021-10-15T07:48:15","guid":{"rendered":"https:\/\/coconutlaser.com\/?page_id=7577"},"modified":"2023-06-30T13:48:19","modified_gmt":"2023-06-30T13:48:19","slug":"contacto","status":"publish","type":"page","link":"https:\/\/coconutlaser.com\/en\/contacto\/","title":{"rendered":"Contacto"},"content":{"rendered":"<section class=\"l-section wpb_row height_huge with_img\" id=\"intro\"><div class=\"l-section-img\" role=\"img\" data-img-width=\"1920\" data-img-height=\"1276\" style=\"background-image: url(https:\/\/coconutlaser.com\/wp-content\/uploads\/2021\/12\/workspace-1280538_1920.jpg);\"><\/div><div class=\"l-section-overlay\" style=\"background:linear-gradient(180deg,rgba(0,0,0,0.65625),rgba(0,0,0,0.15))\"><\/div><div class=\"l-section-h i-cf\"><div class=\"g-cols vc_row via_flex valign_middle type_default stacking_default\"><div class=\"vc_col-sm-12 wpb_column vc_column_container\"><div class=\"vc_column-inner\"><div class=\"wpb_wrapper\"><div class=\"g-cols wpb_row via_flex valign_top type_default stacking_default\"><div class=\"vc_col-sm-12 wpb_column vc_column_container us_animate_afb\"><div class=\"vc_column-inner\"><div class=\"wpb_wrapper\"><h1 class=\"w-text us_custom_9a363435 has_text_color us_animate_this\"><span class=\"w-text-h\"><span class=\"w-text-value\">Cont\u00e1ctanos<\/span><\/span><\/h1><\/div><\/div><\/div><\/div><div class=\"g-cols wpb_row via_flex valign_top type_default stacking_default\"><div class=\"vc_col-sm-8 wpb_column vc_column_container\"><div class=\"vc_column-inner\"><div class=\"wpb_wrapper\"><p class=\"w-text us_custom_63744250 has_text_color us_animate_this\"><span class=\"w-text-h\"><span class=\"w-text-value\">SOLICITA M\u00c1S INFORMACI\u00d3N SIN COMPROMISO<\/span><\/span><\/p><\/div><\/div><\/div><div class=\"vc_col-sm-4 wpb_column vc_column_container\"><div class=\"vc_column-inner\"><div class=\"wpb_wrapper\"><\/div><\/div><\/div><\/div><div class=\"w-separator size_small\"><\/div><div class=\"g-cols wpb_row via_flex valign_top type_default stacking_default\"><div class=\"vc_col-sm-12 wpb_column vc_column_container\"><div class=\"vc_column-inner us_custom_52edde2c us_animate_this\"><div class=\"wpb_wrapper\"><div class=\"w-btn-wrapper align_none\"><a class=\"w-btn us-btn-style_13\" href=\"#contact\"><span class=\"w-btn-label\">Siguiente<\/span><\/a><\/div><\/div><\/div><\/div><\/div><\/div><\/div><\/div><\/div><\/div><\/section><section class=\"l-section wpb_row height_small\" id=\"contact\"><div class=\"l-section-overlay\" style=\"background:rgba(99,115,73,0.57)\"><\/div><div class=\"l-section-h i-cf\"><div class=\"g-cols vc_row via_flex valign_top type_default stacking_default\" style=\"--additional-gap:10px;\"><div class=\"vc_col-sm-12 wpb_column vc_column_container\"><div class=\"vc_column-inner us_custom_03a0b499 us_animate_this\"><div class=\"wpb_wrapper\"><div class=\"wpb_text_column us_custom_9f607ede has_text_color us_animate_this\"><div class=\"wpb_wrapper\"><p>Puedes usar el siguiente formulario de contacto para obtener informaci\u00f3n y resolver tus dudas sobre cualquiera de nuestros servicios. Estaremos encantados de ofrecerte toda la ayuda y asesoramiento que necesites. Recuerda que estamos a tu servicio.<\/p>\n<\/div><\/div><\/div><\/div><\/div><\/div><\/div><\/section><section class=\"l-section wpb_row height_small\" id=\"contact\"><div class=\"l-section-h i-cf\"><div class=\"g-cols vc_row via_flex valign_top type_default stacking_default\" style=\"--additional-gap:10px;\"><div class=\"vc_col-sm-12 wpb_column vc_column_container\"><div class=\"vc_column-inner us_custom_159389ec us_animate_this\"><div class=\"wpb_wrapper\"><div class=\"g-cols wpb_row via_flex valign_top type_default stacking_default\"><div class=\"vc_col-sm-6 wpb_column vc_column_container us_animate_afb\"><div class=\"vc_column-inner\"><div class=\"wpb_wrapper\"><form class=\"w-form  layout_ver for_cform us_form_1\" autocomplete=\"off\" action=\"https:\/\/coconutlaser.com\/en\/wp-json\/wp\/v2\/pages\/7577\" method=\"post\"><div class=\"w-form-h\"><div class=\"w-form-row for_text has_label move_label required with_icon\">\r\n\t\t\t<div class=\"w-form-row-label\">\r\n\t\t\t<span>Nombre *<\/span>\r\n\t\t<\/div>\r\n\t\t<div class=\"w-form-row-field\">\r\n\t\t\t\t<i class=\"far fa-user\"><\/i>\t\t<input aria-label=\"Nombre\" type=\"text\" name=\"us_form_1_text_1\" value placeholder data-required=\"true\" aria-required=\"true\"\/>\r\n\t\t\t<\/div>\r\n\t\t<div class=\"w-form-row-state\">Fill out this field<\/div>\r\n<\/div>\r\n<div class=\"w-form-row for_email has_label move_label required with_icon\">\r\n\t\t\t<div class=\"w-form-row-label\">\r\n\t\t\t<span>Email *<\/span>\r\n\t\t<\/div>\r\n\t\t<div class=\"w-form-row-field\">\r\n\t\t\t\t<i class=\"far fa-envelope\"><\/i>\t\t<input aria-label=\"Email\" type=\"email\" name=\"us_form_1_email_1\" value placeholder data-required=\"true\" aria-required=\"true\"\/>\r\n\t\t\t<\/div>\r\n\t\t<div class=\"w-form-row-state\">Please enter a valid email address.<\/div>\r\n<\/div>\r\n<div class=\"w-form-row for_text has_label move_label required with_icon\">\r\n\t\t\t<div class=\"w-form-row-label\">\r\n\t\t\t<span>Tel\u00e9fono *<\/span>\r\n\t\t<\/div>\r\n\t\t<div class=\"w-form-row-field\">\r\n\t\t\t\t<i class=\"far fa-mobile\"><\/i>\t\t<input aria-label=\"Tel\u00e9fono\" type=\"text\" name=\"us_form_1_text_2\" value placeholder data-required=\"true\" aria-required=\"true\"\/>\r\n\t\t\t<\/div>\r\n\t\t<div class=\"w-form-row-state\">Fill out this field<\/div>\r\n<\/div>\r\n<div class=\"w-form-row for_select has_label with_icon\">\r\n\t\t\t<div class=\"w-form-row-label\">\r\n\t\t\t<span>Motivo de tu consulta<\/span>\r\n\t\t<\/div>\r\n\t\t<div class=\"w-form-row-field\">\r\n\t\t\t\t<i class=\"far fa-list\"><\/i>\t\t<select aria-label=\"Motivo de tu consulta\" name=\"us_form_1_select_1\">\r\n\t\t\t<option value=\"---\">---<\/option><option value=\"Depilaci\u00f3n laser\">Depilaci\u00f3n laser<\/option><option value=\"Presoterapia\">Presoterapia<\/option><option value=\"Otra consulta\">Otra consulta<\/option><option value=\"\"><\/option>\t\t<\/select>\r\n\t\t\t<\/div>\r\n\t\t<div class=\"w-form-row-state\">Select an option<\/div>\r\n<\/div>\r\n<div class=\"w-form-row for_select has_label with_icon\">\r\n\t\t\t<div class=\"w-form-row-label\">\r\n\t\t\t<span>\u00bfD\u00f3nde nos has conocido?<\/span>\r\n\t\t<\/div>\r\n\t\t<div class=\"w-form-row-field\">\r\n\t\t\t\t<i class=\"far fa-list\"><\/i>\t\t<select aria-label=\"\u00bfD\u00f3nde nos has conocido?\" name=\"us_form_1_select_2\">\r\n\t\t\t<option value=\"---\">---<\/option><option value=\"Google\">Google<\/option><option value=\"Instagram\">Instagram<\/option><option value=\"Facebook\">Facebook<\/option><option value=\"Recomendaci\u00f3n\">Recomendaci\u00f3n<\/option>\t\t<\/select>\r\n\t\t\t<\/div>\r\n\t\t<div class=\"w-form-row-state\">Select an option<\/div>\r\n<\/div>\r\n<div class=\"w-form-row for_textarea has_label move_label with_icon\">\r\n\t\t\t<div class=\"w-form-row-label\">\r\n\t\t\t<span>Comentarios<\/span>\r\n\t\t<\/div>\r\n\t\t<div class=\"w-form-row-field\">\r\n\t\t\t\t<i class=\"far fa-pencil\"><\/i>\t\t<textarea aria-label=\"Comentarios\" name=\"us_form_1_textarea_1\" placeholder><\/textarea>\r\n\t\t\t<\/div>\r\n\t\t<div class=\"w-form-row-state\">Fill out this field<\/div>\r\n<\/div>\r\n<div class=\"w-form-row for_agreement required\">\r\n\t\t<div class=\"w-form-row-field\">\r\n\t\t\t\t<label>\r\n\t\t\t<input type=\"checkbox\" value=\"1\" data-required=\"true\" aria-required=\"true\" name=\"us_form_1_agreement_1\"\/>\r\n\t\t\t<span>Acepto la <a href=\"https:\/\/coconutlaser.com\/politica-de-privacidad-y-cookies\/\" target=\"_blank\">pol\u00edtica de privacidad<\/a> <\/span>\r\n\t\t<\/label>\r\n\t\t\t<\/div>\r\n\t\t<div class=\"w-form-row-state\">You need to agree with the terms to proceed<\/div>\r\n<\/div>\r\n<input type=\"hidden\" name=\"action\" value=\"us_ajax_cform\" \/>\r\n<input type=\"hidden\" name=\"post_id\" value=\"0\" \/>\r\n<input type=\"hidden\" name=\"form_index\" value=\"1\" \/>\r\n<div class=\"w-form-row for_submit align_none\">\r\n\t<button class=\"w-btn  us-btn-style_11\" aria-label=\"ENVIAR MENSAJE\" type=\"submit\">\r\n\t\t<span class=\"g-preloader type_1\"><\/span>\r\n\t\t\t\t<span class=\"w-btn-label\">ENVIAR MENSAJE<\/span>\r\n\t\t\t<\/button>\r\n\t<\/div>\r\n<\/div><div class=\"w-form-message\"><\/div><div class=\"w-form-json hidden\" onclick='return {&quot;ajaxurl&quot;:&quot;https:\\\/\\\/coconutlaser.com\\\/wp-admin\\\/admin-ajax.php&quot;,&quot;messages&quot;:{&quot;err_empty&quot;:&quot;Fill out this field&quot;,&quot;err_size&quot;:&quot;File size cannot exceed %s MB&quot;,&quot;err_extension&quot;:&quot;%s file type is not allowed&quot;}}'><\/div><\/form><\/div><\/div><\/div><div class=\"vc_col-sm-6 wpb_column vc_column_container us_animate_afb\" style=\"animation-delay:0.2s\"><div class=\"vc_column-inner\"><div class=\"wpb_wrapper\"><div class=\"w-separator hide_on_default hide_on_laptops hide_on_tablets size_huge\"><\/div><p class=\"w-text us_custom_c4c41480\"><span class=\"w-text-h\"><span class=\"w-text-value\">Direcci\u00f3n<\/span><\/span><\/p><div class=\"wpb_text_column\"><div class=\"wpb_wrapper\"><p>Carrer Metge Joan Bauz\u00e0 Mestre, 11 bjos.<br \/>\n07013 Palma, Illes Balears (Mallorca)<\/p>\n<\/div><\/div><div class=\"w-separator hide_on_default hide_on_laptops hide_on_tablets size_small\"><\/div><div class=\"w-btn-wrapper align_none hide_on_default hide_on_laptops hide_on_tablets\"><a class=\"w-btn us-btn-style_12\" href=\"https:\/\/goo.gl\/maps\/Tcrif7WdtKXegRbUA\"><span class=\"w-btn-label\">\u00bfComo llegar?<\/span><\/a><\/div><div class=\"w-separator size_small\"><\/div><p class=\"w-text us_custom_c4c41480\"><span class=\"w-text-h\"><span class=\"w-text-value\">Contacto telef\u00f3nico y Whatsapp<\/span><\/span><\/p><div class=\"w-separator size_small\"><\/div><div class=\"w-hwrapper valign_middle wrap align_none\"><div class=\"w-btn-wrapper align_none\"><a class=\"w-btn us-btn-style_12 us_custom_dfddb007 icon_atleft\" href=\"tel:+34623275199\"><i class=\"far fa-phone\"><\/i><span class=\"w-btn-label\">623 275 199<\/span><\/a><\/div><div class=\"w-btn-wrapper align_none\"><a class=\"w-btn us-btn-style_12 us_custom_dfddb007 icon_atleft\" href=\"https:\/\/api.whatsapp.com\/send?phone=34623275199\"><i class=\"fab fa-whatsapp\"><\/i><span class=\"w-btn-label\">WhatsApp<\/span><\/a><\/div><\/div><div class=\"w-separator size_small\"><\/div><p class=\"w-text us_custom_c4c41480\"><span class=\"w-text-h\"><span class=\"w-text-value\">Horario de atenci\u00f3n<\/span><\/span><\/p><div class=\"wpb_text_column\"><div class=\"wpb_wrapper\"><ul>\n<li><strong>Lunes 10:00 a 14:00\/\u00a0 16:00 a 19:00<\/strong><\/li>\n<li><strong>Martes\u00a0 10:00 a 14:00\/ 16:00 a 19:00\u00a0<\/strong><\/li>\n<li><strong>Mi\u00e9rcoles 10:00 a 18:00<\/strong><\/li>\n<li><strong>Jueves 10:00 a 14:00\/16:00 a 19:00<\/strong><\/li>\n<li><strong>Viernes 10:00 a 18:00<\/strong><\/li>\n<li><strong>S\u00e1bado s\u00f3lo con cita previa confirmada<\/strong><\/li>\n<\/ul>\n<\/div><\/div><div class=\"w-separator size_small\"><\/div><div class=\"w-socials color_text shape_rounded style_outlined hover_none\" style=\"--gap:0.5em;\"><div class=\"w-socials-list\"><div class=\"w-socials-item facebook\"><a target=\"_blank\" rel=\"nofollow\" href=\"#\" class=\"w-socials-item-link\" title=\"Facebook\" aria-label=\"Facebook\"><span class=\"w-socials-item-link-hover\"><\/span><i class=\"fab fa-facebook\"><\/i><\/a><\/div><div class=\"w-socials-item instagram\"><a target=\"_blank\" rel=\"nofollow\" href=\"#\" class=\"w-socials-item-link\" title=\"Instagram\" aria-label=\"Instagram\"><span class=\"w-socials-item-link-hover\"><\/span><i class=\"fab fa-instagram\"><\/i><\/a><\/div><\/div><\/div><\/div><\/div><\/div><\/div><\/div><\/div><\/div><\/div><\/div><\/section><section class=\"l-section wpb_row height_auto width_full\"><div class=\"l-section-h i-cf\"><div class=\"g-cols vc_row via_flex valign_top type_default stacking_default\"><div class=\"vc_col-sm-12 wpb_column vc_column_container us_animate_afb\"><div class=\"vc_column-inner\"><div class=\"wpb_wrapper\"><div class=\"w-map provider_osm\" id=\"us_map_1\"><div class=\"w-map-inner\"><div class=\"w-map-json\" onclick='return {&quot;address&quot;:&quot;39.576173224421936, 2.6354041502622243&quot;,&quot;disableDragging&quot;:1,&quot;disableZoom&quot;:1,&quot;hideControls&quot;:0,&quot;zoom&quot;:14,&quot;markers&quot;:[{&quot;address&quot;:&quot;39.576173224421936, 2.6354041502622243&quot;,&quot;html&quot;:&quot;&lt;h6&gt;Coconut&lt;\\\/h6&gt;&lt;p&gt;Centro de Depilaci\\u00f3n Laser&lt;\\\/p&gt;&quot;,&quot;infowindow&quot;:0}],&quot;style&quot;:&quot;https:\\\/\\\/{s}.basemaps.cartocdn.com\\\/light_all\\\/{z}\\\/{x}\\\/{y}{r}.png&quot;}'><\/div><\/div><\/div><\/div><\/div><\/div><\/div><\/div><\/section>\n","protected":false},"excerpt":{"rendered":"Cont\u00e1ctanosSOLICITA M\u00c1S INFORMACI\u00d3N SIN COMPROMISOSiguientePuedes usar el siguiente formulario de contacto para obtener informaci\u00f3n y resolver tus dudas sobre cualquiera de nuestros servicios. Estaremos encantados de ofrecerte toda la ayuda y asesoramiento que necesites. Recuerda que estamos a tu servicio. Nombre * Fill out this field Email * Please enter a valid email address. Tel\u00e9fono...","protected":false},"author":5,"featured_media":0,"parent":0,"menu_order":0,"comment_status":"closed","ping_status":"closed","template":"","meta":[],"_links":{"self":[{"href":"https:\/\/coconutlaser.com\/en\/wp-json\/wp\/v2\/pages\/7577"}],"collection":[{"href":"https:\/\/coconutlaser.com\/en\/wp-json\/wp\/v2\/pages"}],"about":[{"href":"https:\/\/coconutlaser.com\/en\/wp-json\/wp\/v2\/types\/page"}],"author":[{"embeddable":true,"href":"https:\/\/coconutlaser.com\/en\/wp-json\/wp\/v2\/users\/5"}],"replies":[{"embeddable":true,"href":"https:\/\/coconutlaser.com\/en\/wp-json\/wp\/v2\/comments?post=7577"}],"version-history":[{"count":29,"href":"https:\/\/coconutlaser.com\/en\/wp-json\/wp\/v2\/pages\/7577\/revisions"}],"predecessor-version":[{"id":8697,"href":"https:\/\/coconutlaser.com\/en\/wp-json\/wp\/v2\/pages\/7577\/revisions\/8697"}],"wp:attachment":[{"href":"https:\/\/coconutlaser.com\/en\/wp-json\/wp\/v2\/media?parent=7577"}],"curies":[{"name":"wp","href":"https:\/\/api.w.org\/{rel}","templated":true}]}}